{"id":453,"date":"2021-06-02T13:36:23","date_gmt":"2021-06-02T13:36:23","guid":{"rendered":"https:\/\/caminosjacobeoswp.dipucordoba.es\/creditos\/"},"modified":"2021-08-04T09:20:25","modified_gmt":"2021-08-04T09:20:25","slug":"creditos","status":"publish","type":"page","link":"https:\/\/caminosjacobeoswp.dipucordoba.es\/pt-pt\/creditos\/","title":{"rendered":"CR\u00c9DITOS"},"content":{"rendered":"<p>[et_pb_section fb_built=&#8221;1&#8243; _builder_version=&#8221;4.9.4&#8243; _module_preset=&#8221;default&#8221; background_color=&#8221;#25a3c1&#8243; custom_padding=&#8221;0px||0px|||&#8221; saved_tabs=&#8221;all&#8221;][et_pb_row _builder_version=&#8221;4.9.4&#8243; _module_preset=&#8221;default&#8221;][et_pb_column type=&#8221;4_4&#8243; _builder_version=&#8221;4.9.4&#8243; _module_preset=&#8221;default&#8221;][et_pb_text _builder_version=&#8221;4.9.4&#8243; _dynamic_attributes=&#8221;content&#8221; _module_preset=&#8221;default&#8221; text_font=&#8221;|700||on|||||&#8221; text_font_size=&#8221;24px&#8221; text_orientation=&#8221;center&#8221; background_layout=&#8221;dark&#8221;]@ET-DC@eyJkeW5hbWljIjp0cnVlLCJjb250ZW50IjoicG9zdF90aXRsZSIsInNldHRpbmdzIjp7ImJlZm9yZSI6IiIsImFmdGVyIjoiIn19@[\/et_pb_text][\/et_pb_column][\/et_pb_row][\/et_pb_section][et_pb_section fb_built=&#8221;1&#8243; _builder_version=&#8221;4.9.4&#8243; _module_preset=&#8221;default&#8221; custom_padding=&#8221;||22px|||&#8221;][et_pb_row column_structure=&#8221;1_4,1_4,1_4,1_4&#8243; _builder_version=&#8221;4.9.4&#8243; _module_preset=&#8221;default&#8221;][et_pb_column type=&#8221;1_4&#8243; _builder_version=&#8221;4.9.4&#8243; _module_preset=&#8221;default&#8221;][et_pb_image src=&#8221;https:\/\/caminosjacobeoswp.dipucordoba.es\/wp-content\/uploads\/2021\/06\/diputacion_badajoz_100.png&#8221; title_text=&#8221;diputacion_badajoz_100&#8243; align=&#8221;center&#8221; admin_label=&#8221;Imagen&#8221; _builder_version=&#8221;4.9.4&#8243; _module_preset=&#8221;default&#8221;][\/et_pb_image][\/et_pb_column][et_pb_column type=&#8221;1_4&#8243; _builder_version=&#8221;4.9.4&#8243; _module_preset=&#8221;default&#8221;][et_pb_image src=&#8221;https:\/\/caminosjacobeoswp.dipucordoba.es\/wp-content\/uploads\/2021\/06\/diputacion_caceres_100.png&#8221; title_text=&#8221;diputacion_caceres_100&#8243; align=&#8221;center&#8221; admin_label=&#8221;Imagen&#8221; _builder_version=&#8221;4.9.4&#8243; _module_preset=&#8221;default&#8221;][\/et_pb_image][\/et_pb_column][et_pb_column type=&#8221;1_4&#8243; _builder_version=&#8221;4.9.4&#8243; _module_preset=&#8221;default&#8221;][et_pb_image src=&#8221;https:\/\/caminosjacobeoswp.dipucordoba.es\/wp-content\/uploads\/2021\/06\/junta_extremadura_100.png&#8221; title_text=&#8221;junta_extremadura_100&#8243; align=&#8221;center&#8221; admin_label=&#8221;Imagen&#8221; _builder_version=&#8221;4.9.4&#8243; _module_preset=&#8221;default&#8221;][\/et_pb_image][\/et_pb_column][et_pb_column type=&#8221;1_4&#8243; _builder_version=&#8221;4.9.4&#8243; _module_preset=&#8221;default&#8221;][et_pb_image src=&#8221;https:\/\/caminosjacobeoswp.dipucordoba.es\/wp-content\/uploads\/2021\/06\/turismo_alentejo_100.png&#8221; title_text=&#8221;turismo_alentejo_100&#8243; align=&#8221;center&#8221; admin_label=&#8221;Imagen&#8221; _builder_version=&#8221;4.9.4&#8243; _module_preset=&#8221;default&#8221;][\/et_pb_image][\/et_pb_column][\/et_pb_row][et_pb_row column_structure=&#8221;1_4,1_4,1_4,1_4&#8243; _builder_version=&#8221;4.9.4&#8243; _module_preset=&#8221;default&#8221;][et_pb_column type=&#8221;1_4&#8243; _builder_version=&#8221;4.9.4&#8243; _module_preset=&#8221;default&#8221;][et_pb_image src=&#8221;https:\/\/caminosjacobeoswp.dipucordoba.es\/wp-content\/uploads\/2021\/06\/barcelos_100.png&#8221; title_text=&#8221;barcelos_100&#8243; align=&#8221;center&#8221; admin_label=&#8221;Imagen&#8221; _builder_version=&#8221;4.9.4&#8243; _module_preset=&#8221;default&#8221;][\/et_pb_image][\/et_pb_column][et_pb_column type=&#8221;1_4&#8243; _builder_version=&#8221;4.9.4&#8243; _module_preset=&#8221;default&#8221;][et_pb_image src=&#8221;https:\/\/caminosjacobeoswp.dipucordoba.es\/wp-content\/uploads\/2021\/06\/diputacion_huelva_100.png&#8221; title_text=&#8221;diputacion_huelva_100&#8243; align=&#8221;center&#8221; admin_label=&#8221;Imagen&#8221; _builder_version=&#8221;4.9.4&#8243; _module_preset=&#8221;default&#8221;][\/et_pb_image][\/et_pb_column][et_pb_column type=&#8221;1_4&#8243; _builder_version=&#8221;4.9.4&#8243; _module_preset=&#8221;default&#8221;][et_pb_image src=&#8221;https:\/\/caminosjacobeoswp.dipucordoba.es\/wp-content\/uploads\/2021\/06\/prodetur_100.png&#8221; title_text=&#8221;prodetur_100&#8243; align=&#8221;center&#8221; admin_label=&#8221;Imagen&#8221; _builder_version=&#8221;4.9.4&#8243; _module_preset=&#8221;default&#8221;][\/et_pb_image][\/et_pb_column][et_pb_column type=&#8221;1_4&#8243; _builder_version=&#8221;4.9.4&#8243; _module_preset=&#8221;default&#8221;][et_pb_image src=&#8221;https:\/\/caminosjacobeoswp.dipucordoba.es\/wp-content\/uploads\/2021\/06\/diputacion_cordoba_100.png&#8221; title_text=&#8221;diputacion_cordoba_100&#8243; align=&#8221;center&#8221; admin_label=&#8221;Imagen&#8221; _builder_version=&#8221;4.9.4&#8243; _module_preset=&#8221;default&#8221;][\/et_pb_image][\/et_pb_column][\/et_pb_row][et_pb_row column_structure=&#8221;1_4,1_4,1_4,1_4&#8243; _builder_version=&#8221;4.9.4&#8243; _module_preset=&#8221;default&#8221;][et_pb_column type=&#8221;1_4&#8243; _builder_version=&#8221;4.9.4&#8243; _module_preset=&#8221;default&#8221;][et_pb_image src=&#8221;https:\/\/caminosjacobeoswp.dipucordoba.es\/wp-content\/uploads\/2021\/06\/inorde_100.png&#8221; title_text=&#8221;inorde_100&#8243; align=&#8221;center&#8221; admin_label=&#8221;Imagen&#8221; _builder_version=&#8221;4.9.4&#8243; _module_preset=&#8221;default&#8221;][\/et_pb_image][\/et_pb_column][et_pb_column type=&#8221;1_4&#8243; _builder_version=&#8221;4.9.4&#8243; _module_preset=&#8221;default&#8221;][et_pb_image src=&#8221;https:\/\/caminosjacobeoswp.dipucordoba.es\/wp-content\/uploads\/2021\/06\/diputacion_pontevedra_100.png&#8221; title_text=&#8221;diputacion_pontevedra_100&#8243; align=&#8221;center&#8221; admin_label=&#8221;Imagen&#8221; _builder_version=&#8221;4.9.4&#8243; _module_preset=&#8221;default&#8221;][\/et_pb_image][\/et_pb_column][et_pb_column type=&#8221;1_4&#8243; _builder_version=&#8221;4.9.4&#8243; _module_preset=&#8221;default&#8221;][et_pb_image src=&#8221;https:\/\/caminosjacobeoswp.dipucordoba.es\/wp-content\/uploads\/2021\/06\/diputacion_zamora_100.png&#8221; title_text=&#8221;diputacion_zamora_100&#8243; align=&#8221;center&#8221; admin_label=&#8221;Imagen&#8221; _builder_version=&#8221;4.9.4&#8243; _module_preset=&#8221;default&#8221;][\/et_pb_image][\/et_pb_column][et_pb_column type=&#8221;1_4&#8243; _builder_version=&#8221;4.9.4&#8243; _module_preset=&#8221;default&#8221;][et_pb_image src=&#8221;https:\/\/caminosjacobeoswp.dipucordoba.es\/wp-content\/uploads\/2021\/06\/logo_dipucadiz_100.png&#8221; title_text=&#8221;logo_dipucadiz_100&#8243; align=&#8221;center&#8221; admin_label=&#8221;Imagen&#8221; _builder_version=&#8221;4.9.4&#8243; _module_preset=&#8221;default&#8221;][\/et_pb_image][\/et_pb_column][\/et_pb_row][et_pb_row column_structure=&#8221;1_3,1_3,1_3&#8243; _builder_version=&#8221;4.9.4&#8243; _module_preset=&#8221;default&#8221;][et_pb_column type=&#8221;1_3&#8243; _builder_version=&#8221;4.9.4&#8243; _module_preset=&#8221;default&#8221;][\/et_pb_column][et_pb_column type=&#8221;1_3&#8243; _builder_version=&#8221;4.9.4&#8243; _module_preset=&#8221;default&#8221;][et_pb_image src=&#8221;https:\/\/caminosjacobeoswp.dipucordoba.es\/wp-content\/uploads\/2021\/06\/diputacion_badajoz_100.png&#8221; title_text=&#8221;diputacion_badajoz_100&#8243; align=&#8221;center&#8221; admin_label=&#8221;Imagen&#8221; _builder_version=&#8221;4.9.4&#8243; _module_preset=&#8221;default&#8221;][\/et_pb_image][\/et_pb_column][et_pb_column type=&#8221;1_3&#8243; _builder_version=&#8221;4.9.4&#8243; _module_preset=&#8221;default&#8221;][\/et_pb_column][\/et_pb_row][\/et_pb_section][et_pb_section fb_built=&#8221;1&#8243; _builder_version=&#8221;4.9.4&#8243; _module_preset=&#8221;default&#8221; custom_padding=&#8221;0px||26px|||&#8221; border_width_top=&#8221;0px&#8221; border_color_top=&#8221;RGBA(0,0,0,0)&#8221; border_style_top=&#8221;dashed&#8221;][et_pb_row _builder_version=&#8221;4.9.4&#8243; _module_preset=&#8221;default&#8221; custom_padding=&#8221;48px||0px|||&#8221; border_width_top=&#8221;1px&#8221; border_color_top=&#8221;#25a3c1&#8243; border_style_top=&#8221;dashed&#8221;][et_pb_column type=&#8221;4_4&#8243; _builder_version=&#8221;4.9.4&#8243; _module_preset=&#8221;default&#8221;][et_pb_text _builder_version=&#8221;4.9.10&#8243; _module_preset=&#8221;default&#8221;]<\/p>\n<h2>Mais informa\u00e7\u00e3o<\/h2>\n<p>[\/et_pb_text][et_pb_text _builder_version=&#8221;4.9.10&#8243; _module_preset=&#8221;default&#8221;]<\/p>\n<p style=\"text-align: justify;\">No desenvolvimento desta ficha de inscri\u00e7\u00e3o dos atores territoriais interessados na Rede Transfronteiri\u00e7a dos Caminhos Jacobeus do Oeste Peninsular, o Conselho Provincial de C\u00f3rdoba contou com a assist\u00eancia t\u00e9cnica externa da empresa Jdg. Comunicaci\u00f3n creativa + espacio (C \/. <span>Antonio S\u00e1nchez, 33\u00b7 14920 Aguilar de la Frontera\u00b7 C\u00f3rdoba \u00b7 soporte@jdggrup.com<\/span>), que pode ser contactada em situa\u00e7\u00f5es em que o preenchimento e envio deste formul\u00e1rio n\u00e3o funcione.<\/p>\n<p style=\"text-align: justify;\">Para mais informa\u00e7\u00f5es, quanto ao objeto, preenchimento e significados das sec\u00e7\u00f5es deste formul\u00e1rio, dever\u00e1 contactar os e-mails de cada uma das \u00e1reas territoriais dos parceiros participantes no projecto CAMINOS:<\/p>\n<p>[\/et_pb_text][\/et_pb_column][\/et_pb_row][\/et_pb_section][et_pb_section fb_built=&#8221;1&#8243; _builder_version=&#8221;4.9.4&#8243; _module_preset=&#8221;default&#8221; custom_padding=&#8221;0px|||||&#8221;][et_pb_row _builder_version=&#8221;4.9.4&#8243; _module_preset=&#8221;default&#8221; custom_padding=&#8221;||0px|||&#8221;][et_pb_column type=&#8221;4_4&#8243; _builder_version=&#8221;4.9.4&#8243; _module_preset=&#8221;default&#8221;][et_pb_text _builder_version=&#8221;4.9.10&#8243; _module_preset=&#8221;default&#8221; text_font_size=&#8221;12px&#8221;]<\/p>\n<table class=\"sociostabla\">\n<tbody>\n<tr>\n<td><strong>TERRITORIO<\/strong><\/td>\n<td><strong>PARCEIRO<\/strong><\/td>\n<td><strong>E-MAIL<\/strong><\/td>\n<\/tr>\n<tr>\n<td>Prov\u00edncia de Badajoz<\/td>\n<td>Conselho Provincial de Badajoz<\/td>\n<td><a href=\"mailto:jlucas@dip-badajoz.es\">jlucas@dip-badajoz.es<\/a><\/td>\n<\/tr>\n<tr>\n<td>Prov\u00edncia de C\u00e1ceres<\/td>\n<td>Conselho Provincial de C\u00e1ceres<\/td>\n<td><a href=\"mailto:gmorales@dip-caceres.es\">gmorales@dip-caceres.es<\/a><\/td>\n<\/tr>\n<tr>\n<td>Prov\u00edncia de C\u00e1diz<\/td>\n<td>Conselho Provincial de C\u00e1diz (<span style=\"font-size: 12px;\">Instituto de Emprego e Desenvolvimento Socioecon\u00f3mico e Tecnol\u00f3gico\u00a0<\/span>&#8211; IEDT)<\/td>\n<td><a href=\"mailto:noelia.villar.alvarez@dipucadiz.es\">noelia.villar.alvarez@dipucadiz.es<\/a><\/td>\n<\/tr>\n<tr>\n<td>Prov\u00edncia de C\u00f3rdoba<\/td>\n<td>Conselho Provincial de C\u00f3rdoba<\/td>\n<td><a href=\"mailto:ecasadog@dipucordoba.es\">ecasadog@dipucordoba.es<\/a><\/td>\n<\/tr>\n<tr>\n<td>Prov\u00edncia de Huelva<\/td>\n<td>Conselho Provincial de Huelva<\/td>\n<td><a href=\"mailto:egvidal@diphuelva.org\">egvidal@diphuelva.org<\/a><\/td>\n<\/tr>\n<tr>\n<td>Prov\u00edncia de Ourense<\/td>\n<td>Conselho Provincial de Ourense (<span style=\"font-size: 12px;\">Instituto Ourensano de Desenvolvimento Econ\u00f3mico\u00a0<\/span>INORDE)<\/td>\n<td><a href=\"mailto:rgp@inorde.com\">rgp@inorde.com<\/a><\/td>\n<\/tr>\n<tr>\n<td>Prov\u00edncia de Pontevedra<\/td>\n<td>Conselho Provincial de Pontevedra<\/td>\n<td><a href=\"mailto:cristina.gonzalez@depo.es\">cristina.gonzalez@depo.es<\/a><\/td>\n<\/tr>\n<tr>\n<td>Prov\u00edncia de Sevilla<\/td>\n<td>Conselho Provincial de Sevilla (PRODETUR SAE)<\/td>\n<td><a href=\"mailto:rbuitrago@prodetur.es\">rbuitrago@prodetur.es<\/a><\/td>\n<\/tr>\n<tr>\n<td>Prov\u00edncia de Zamora<\/td>\n<td>Conselho Provincial de Zamora<\/td>\n<td><a href=\"mailto:rosario.almazan@zamoradipu.es\">rosario.almazan@zamoradipu.es<\/a><\/td>\n<\/tr>\n<tr>\n<td>Comunidad Aut\u00f3noma de Extremadura<\/td>\n<td>\n<div><span lang=\"PT\">DG Bibliotecas, Museus e Patrim\u00f3nio Cultural Junta de Extremadura<\/span><\/div>\n<div><\/div>\n<\/td>\n<td><a href=\"mailto:javier.serrano@juntaex.es\">javier.serrano@juntaex.es<\/a><\/td>\n<\/tr>\n<tr>\n<td>Munic\u00edpio de Barcelos<\/td>\n<td>Munic\u00edpio de Barcelos<\/td>\n<td><a href=\"mailto:luisferreira@cm-barcelos.pt\">luisferreira@cm-barcelos.pt<\/a><\/td>\n<\/tr>\n<tr>\n<td>Turismo do Alentejo<\/td>\n<td>Turismo do Alentejo<\/td>\n<td><a href=\"mailto:pedro.beato@turismodoalentejo-ert.pt\">pedro.beato@turismodoalentejo-ert.pt<\/a><\/td>\n<\/tr>\n<tr>\n<td>\n<div><span lang=\"PT\">Centro de Turismo de Portugal<\/span><\/div>\n<div><\/div>\n<\/td>\n<td>\n<div><span lang=\"PT\">Centro de Turismo de Portugal<\/span><\/div>\n<div><\/div>\n<\/td>\n<td><a href=\"mailto:filomena.pinheiro@turismodocentro.pt\">filomena.pinheiro@turismodocentro.pt<\/a><\/td>\n<\/tr>\n<\/tbody>\n<\/table>\n<p>[\/et_pb_text][\/et_pb_column][\/et_pb_row][\/et_pb_section]<\/p>\n","protected":false},"excerpt":{"rendered":"<p>Mais informa\u00e7\u00e3oNo desenvolvimento desta ficha de inscri\u00e7\u00e3o dos atores territoriais interessados na Rede Transfronteiri\u00e7a dos Caminhos Jacobeus do Oeste Peninsular, o Conselho Provincial de C\u00f3rdoba contou com a assist\u00eancia t\u00e9cnica externa da empresa Jdg. Comunicaci\u00f3n creativa + espacio (C \/. Antonio S\u00e1nchez, 33\u00b7 14920 Aguilar de la Frontera\u00b7 C\u00f3rdoba \u00b7 soporte@jdggrup.com), que pode ser contactada [&hellip;]<\/p>\n","protected":false},"author":1,"featured_media":0,"parent":0,"menu_order":0,"comment_status":"closed","ping_status":"closed","template":"","meta":{"_et_pb_use_builder":"on","_et_pb_old_content":"","_et_gb_content_width":""},"_links":{"self":[{"href":"https:\/\/caminosjacobeoswp.dipucordoba.es\/pt-pt\/wp-json\/wp\/v2\/pages\/453"}],"collection":[{"href":"https:\/\/caminosjacobeoswp.dipucordoba.es\/pt-pt\/wp-json\/wp\/v2\/pages"}],"about":[{"href":"https:\/\/caminosjacobeoswp.dipucordoba.es\/pt-pt\/wp-json\/wp\/v2\/types\/page"}],"author":[{"embeddable":true,"href":"https:\/\/caminosjacobeoswp.dipucordoba.es\/pt-pt\/wp-json\/wp\/v2\/users\/1"}],"replies":[{"embeddable":true,"href":"https:\/\/caminosjacobeoswp.dipucordoba.es\/pt-pt\/wp-json\/wp\/v2\/comments?post=453"}],"version-history":[{"count":3,"href":"https:\/\/caminosjacobeoswp.dipucordoba.es\/pt-pt\/wp-json\/wp\/v2\/pages\/453\/revisions"}],"predecessor-version":[{"id":489,"href":"https:\/\/caminosjacobeoswp.dipucordoba.es\/pt-pt\/wp-json\/wp\/v2\/pages\/453\/revisions\/489"}],"wp:attachment":[{"href":"https:\/\/caminosjacobeoswp.dipucordoba.es\/pt-pt\/wp-json\/wp\/v2\/media?parent=453"}],"curies":[{"name":"wp","href":"https:\/\/api.w.org\/{rel}","templated":true}]}}